{"id":10,"date":"2022-02-18T12:17:39","date_gmt":"2022-02-18T12:17:39","guid":{"rendered":"http:\/\/hkmtrade.com\/?page_id=10"},"modified":"2022-02-18T12:27:07","modified_gmt":"2022-02-18T12:27:07","slug":"bize-ulasin","status":"publish","type":"page","link":"http:\/\/hkmtrade.com\/","title":{"rendered":"Bize ula\u015f\u0131n"},"content":{"rendered":"\n<p>Merkez Adresimiz<br><br><strong>Adres<\/strong>:\u00a0Halkal\u0131 Merkez, Dereboyu Cd. No:50, 34303 K\u00fc\u00e7\u00fck\u00e7ekmece\/\u0130stanbul      <\/p>\n\n\n\n<p>Telefon : +90 (212) 696 55 17 Faks: +90 (212) 696 57 01<\/p>\n","protected":false},"excerpt":{"rendered":"<p>Merkez Adresimiz Adres:\u00a0Halkal\u0131 Merkez, Dereboyu Cd. No:50, 34303 K\u00fc\u00e7\u00fck\u00e7ekmece\/\u0130stanbul Telefon : +90 (212) 696 55 17 Faks: +90 (212) 696 57 01<\/p>\n","protected":false},"author":1,"featured_media":0,"parent":0,"menu_order":0,"comment_status":"closed","ping_status":"closed","template":"","meta":[],"_links":{"self":[{"href":"http:\/\/hkmtrade.com\/index.php\/wp-json\/wp\/v2\/pages\/10"}],"collection":[{"href":"http:\/\/hkmtrade.com\/index.php\/wp-json\/wp\/v2\/pages"}],"about":[{"href":"http:\/\/hkmtrade.com\/index.php\/wp-json\/wp\/v2\/types\/page"}],"author":[{"embeddable":true,"href":"http:\/\/hkmtrade.com\/index.php\/wp-json\/wp\/v2\/users\/1"}],"replies":[{"embeddable":true,"href":"http:\/\/hkmtrade.com\/index.php\/wp-json\/wp\/v2\/comments?post=10"}],"version-history":[{"count":2,"href":"http:\/\/hkmtrade.com\/index.php\/wp-json\/wp\/v2\/pages\/10\/revisions"}],"predecessor-version":[{"id":30,"href":"http:\/\/hkmtrade.com\/index.php\/wp-json\/wp\/v2\/pages\/10\/revisions\/30"}],"wp:attachment":[{"href":"http:\/\/hkmtrade.com\/index.php\/wp-json\/wp\/v2\/media?parent=10"}],"curies":[{"name":"wp","href":"https:\/\/api.w.org\/{rel}","templated":true}]}}